{"id":15,"date":"2018-01-31T20:29:58","date_gmt":"2018-01-31T20:29:58","guid":{"rendered":"http:\/\/test.retroparla.com\/?page_id=15"},"modified":"2019-01-04T07:15:04","modified_gmt":"2019-01-04T07:15:04","slug":"quienes-somos","status":"publish","type":"page","link":"https:\/\/www.retroparla.com\/index.php\/quienes-somos\/","title":{"rendered":"Quienes somos"},"content":{"rendered":"<p>Retro Parla lo forman un grupo de amigos con una afici\u00f3n en com\u00fan: la retroinform\u00e1tica. El Amstrad, el Spectrum, el Amiga, las consolas y videojuegos de nuestra infancia, los arcades de los recreativos, las maquinitas de los bazares, y pr\u00e1cticamente cualquier cosa que tenga botones y huela a viejo.<\/p>\n<p>Retro Parla estar\u00e1 siempre abierto a cualquier persona que quiera disfrutar de esta afici\u00f3n, sea de Parla o de 1000 kil\u00f3metros a la redonda.<\/p>\n","protected":false},"excerpt":{"rendered":"<p>Retro Parla lo forman un grupo de amigos con una afici\u00f3n en com\u00fan: la retroinform\u00e1tica. El Amstrad, el Spectrum, el Amiga, las consolas y videojuegos de nuestra infancia, los arcades de los recreativos, las maquinitas de los bazares, y pr\u00e1cticamente cualquier cosa que tenga botones y huela a viejo.&#46;&#46;&#46;<\/p>\n","protected":false},"author":1,"featured_media":0,"parent":0,"menu_order":0,"comment_status":"closed","ping_status":"closed","template":"","meta":{"_bbp_topic_count":0,"_bbp_reply_count":0,"_bbp_total_topic_count":0,"_bbp_total_reply_count":0,"_bbp_voice_count":0,"_bbp_anonymous_reply_count":0,"_bbp_topic_count_hidden":0,"_bbp_reply_count_hidden":0,"_bbp_forum_subforum_count":0,"jetpack_post_was_ever_published":false,"footnotes":""},"class_list":["post-15","page","type-page","status-publish","hentry"],"jetpack_likes_enabled":true,"jetpack_shortlink":"https:\/\/wp.me\/PcGicC-f","jetpack_sharing_enabled":true,"_links":{"self":[{"href":"https:\/\/www.retroparla.com\/index.php\/wp-json\/wp\/v2\/pages\/15","targetHints":{"allow":["GET"]}}],"collection":[{"href":"https:\/\/www.retroparla.com\/index.php\/wp-json\/wp\/v2\/pages"}],"about":[{"href":"https:\/\/www.retroparla.com\/index.php\/wp-json\/wp\/v2\/types\/page"}],"author":[{"embeddable":true,"href":"https:\/\/www.retroparla.com\/index.php\/wp-json\/wp\/v2\/users\/1"}],"replies":[{"embeddable":true,"href":"https:\/\/www.retroparla.com\/index.php\/wp-json\/wp\/v2\/comments?post=15"}],"version-history":[{"count":5,"href":"https:\/\/www.retroparla.com\/index.php\/wp-json\/wp\/v2\/pages\/15\/revisions"}],"predecessor-version":[{"id":564,"href":"https:\/\/www.retroparla.com\/index.php\/wp-json\/wp\/v2\/pages\/15\/revisions\/564"}],"wp:attachment":[{"href":"https:\/\/www.retroparla.com\/index.php\/wp-json\/wp\/v2\/media?parent=15"}],"curies":[{"name":"wp","href":"https:\/\/api.w.org\/{rel}","templated":true}]}}