{"id":17,"date":"2018-01-31T20:29:45","date_gmt":"2018-01-31T20:29:45","guid":{"rendered":"http:\/\/test.retroparla.com\/?page_id=17"},"modified":"2020-12-13T07:59:42","modified_gmt":"2020-12-13T07:59:42","slug":"que-hacemos","status":"publish","type":"page","link":"https:\/\/www.retroparla.com\/index.php\/que-hacemos\/","title":{"rendered":"\u00bfQu\u00e9 hacemos?"},"content":{"rendered":"<p>Nos encanta rescatar viejos cacharros y darles una nueva oportunidad, o armarnos de esta\u00f1o y soldador y devolver a la vida a una m\u00e1quina desahuciada. Jugar a los videojuegos de siempre y a los nuevos desarrollos que van apareciendo, e incluso montarnos nuestro propio hardware para hacer cosas con nuestros ordenadores que ni so\u00f1\u00e1bamos cuando \u00e9ramos peque\u00f1os.<\/p>\n<p>Y adem\u00e1s, de vez en cuando organizamos reuniones tan chulas como esta donde hacemos todo eso y mucho m\u00e1s:<\/p>\n<p><a href=\"https:\/\/www.youtube.com\/watch?v=M8Gcm8BnlfI\" target=\"_blank\" rel=\"noopener noreferrer\">Aqu\u00ed<\/a> puedes ver algo m\u00e1s sobre nuestra asociaci\u00f3n.<\/p>\n","protected":false},"excerpt":{"rendered":"<p>Nos encanta rescatar viejos cacharros y darles una nueva oportunidad, o armarnos de esta\u00f1o y soldador y devolver a la vida a una m\u00e1quina desahuciada. Jugar a los videojuegos de siempre y a los nuevos desarrollos que van apareciendo, e incluso montarnos nuestro propio hardware para hacer cosas con&#46;&#46;&#46;<\/p>\n","protected":false},"author":1,"featured_media":0,"parent":0,"menu_order":0,"comment_status":"closed","ping_status":"closed","template":"","meta":{"_bbp_topic_count":0,"_bbp_reply_count":0,"_bbp_total_topic_count":0,"_bbp_total_reply_count":0,"_bbp_voice_count":0,"_bbp_anonymous_reply_count":0,"_bbp_topic_count_hidden":0,"_bbp_reply_count_hidden":0,"_bbp_forum_subforum_count":0,"jetpack_post_was_ever_published":false,"footnotes":""},"class_list":["post-17","page","type-page","status-publish","hentry"],"jetpack_likes_enabled":true,"jetpack_shortlink":"https:\/\/wp.me\/PcGicC-h","jetpack_sharing_enabled":true,"_links":{"self":[{"href":"https:\/\/www.retroparla.com\/index.php\/wp-json\/wp\/v2\/pages\/17","targetHints":{"allow":["GET"]}}],"collection":[{"href":"https:\/\/www.retroparla.com\/index.php\/wp-json\/wp\/v2\/pages"}],"about":[{"href":"https:\/\/www.retroparla.com\/index.php\/wp-json\/wp\/v2\/types\/page"}],"author":[{"embeddable":true,"href":"https:\/\/www.retroparla.com\/index.php\/wp-json\/wp\/v2\/users\/1"}],"replies":[{"embeddable":true,"href":"https:\/\/www.retroparla.com\/index.php\/wp-json\/wp\/v2\/comments?post=17"}],"version-history":[{"count":5,"href":"https:\/\/www.retroparla.com\/index.php\/wp-json\/wp\/v2\/pages\/17\/revisions"}],"predecessor-version":[{"id":2254,"href":"https:\/\/www.retroparla.com\/index.php\/wp-json\/wp\/v2\/pages\/17\/revisions\/2254"}],"wp:attachment":[{"href":"https:\/\/www.retroparla.com\/index.php\/wp-json\/wp\/v2\/media?parent=17"}],"curies":[{"name":"wp","href":"https:\/\/api.w.org\/{rel}","templated":true}]}}