{"id":19,"date":"2018-01-31T20:29:40","date_gmt":"2018-01-31T20:29:40","guid":{"rendered":"http:\/\/test.retroparla.com\/?page_id=19"},"modified":"2023-03-26T17:47:25","modified_gmt":"2023-03-26T15:47:25","slug":"donde-estamos","status":"publish","type":"page","link":"https:\/\/www.retroparla.com\/index.php\/donde-estamos\/","title":{"rendered":"\u00bfD\u00f3nde estamos?"},"content":{"rendered":"<p>Actualmente nuestra asociaci\u00f3n cuenta con un local en Parla donde nos reunimos para preparar las diferentes actividades de la asociaci\u00f3n, charlar, iniciar nuevos proyectos, cacharrear, etc.<\/p>\n<p>Por otro lado, a lo largo del a\u00f1o tambi\u00e9n organizamos charlas, talleres, cursos y toda clase de actividades en <a href=\"https:\/\/www.lacasajoven.com\/\" target=\"_blank\" rel=\"noopener\">La Casa de la Juventud Pedro Zerolo<\/a>, entre ellas nuestro gran evento anual.<\/p>\n<p>Las puertas est\u00e1n abiertas a todos los que quer\u00e1is acudir a conocernos, participar y uniros a nosotros, si tienes inter\u00e9s no lo dudes ponte en contacto con nosotros a trav\u00e9s de nuestras redes sociales, correo electr\u00f3nico o usando el formulario que hemos habilitado pinchando <a href=\"https:\/\/www.retroparla.com\/index.php\/unete\/\" target=\"_blank\" rel=\"noopener\">aqu\u00ed<\/a>.<\/p>\n<p>\u00a1Os esperamos!<\/p>\n","protected":false},"excerpt":{"rendered":"<p>Actualmente nuestra asociaci\u00f3n cuenta con un local en Parla donde nos reunimos para preparar las diferentes actividades de la asociaci\u00f3n, charlar, iniciar nuevos proyectos, cacharrear, etc. Por otro lado, a lo largo del a\u00f1o tambi\u00e9n organizamos charlas, talleres, cursos y toda clase de actividades en La Casa de la&#46;&#46;&#46;<\/p>\n","protected":false},"author":1,"featured_media":0,"parent":0,"menu_order":0,"comment_status":"closed","ping_status":"closed","template":"","meta":{"_bbp_topic_count":0,"_bbp_reply_count":0,"_bbp_total_topic_count":0,"_bbp_total_reply_count":0,"_bbp_voice_count":0,"_bbp_anonymous_reply_count":0,"_bbp_topic_count_hidden":0,"_bbp_reply_count_hidden":0,"_bbp_forum_subforum_count":0,"jetpack_post_was_ever_published":false,"footnotes":""},"class_list":["post-19","page","type-page","status-publish","hentry"],"jetpack_likes_enabled":true,"jetpack_shortlink":"https:\/\/wp.me\/PcGicC-j","jetpack_sharing_enabled":true,"_links":{"self":[{"href":"https:\/\/www.retroparla.com\/index.php\/wp-json\/wp\/v2\/pages\/19","targetHints":{"allow":["GET"]}}],"collection":[{"href":"https:\/\/www.retroparla.com\/index.php\/wp-json\/wp\/v2\/pages"}],"about":[{"href":"https:\/\/www.retroparla.com\/index.php\/wp-json\/wp\/v2\/types\/page"}],"author":[{"embeddable":true,"href":"https:\/\/www.retroparla.com\/index.php\/wp-json\/wp\/v2\/users\/1"}],"replies":[{"embeddable":true,"href":"https:\/\/www.retroparla.com\/index.php\/wp-json\/wp\/v2\/comments?post=19"}],"version-history":[{"count":16,"href":"https:\/\/www.retroparla.com\/index.php\/wp-json\/wp\/v2\/pages\/19\/revisions"}],"predecessor-version":[{"id":6064,"href":"https:\/\/www.retroparla.com\/index.php\/wp-json\/wp\/v2\/pages\/19\/revisions\/6064"}],"wp:attachment":[{"href":"https:\/\/www.retroparla.com\/index.php\/wp-json\/wp\/v2\/media?parent=19"}],"curies":[{"name":"wp","href":"https:\/\/api.w.org\/{rel}","templated":true}]}}